{"id":95,"date":"2024-01-12T12:41:35","date_gmt":"2024-01-12T11:41:35","guid":{"rendered":"https:\/\/pioneering-eclatrythmique.wordpress.com\/?page_id=95"},"modified":"2024-04-30T16:17:00","modified_gmt":"2024-04-30T14:17:00","slug":"gymnastique-rythmique-loisirs-enfants","status":"publish","type":"page","link":"https:\/\/www.gr-eclat01.fr\/index.php\/gymnastique-rythmique-loisirs-enfants\/","title":{"rendered":"Gymnastique Rythmique enfants"},"content":{"rendered":"\t\t<div data-elementor-type=\"wp-page\" data-elementor-id=\"95\" class=\"elementor elementor-95\">\n\t\t\t\t<div class=\"elementor-element elementor-element-4674d841 e-flex e-con-boxed wpr-particle-no wpr-jarallax-no wpr-parallax-no wpr-sticky-section-no e-con e-parent\" data-id=\"4674d841\" data-element_type=\"container\">\n\t\t\t\t\t<div class=\"e-con-inner\">\n\t\t\t\t<div class=\"elementor-element elementor-element-7ba90ef elementor-widget elementor-widget-text-editor\" data-id=\"7ba90ef\" data-element_type=\"widget\" data-widget_type=\"text-editor.default\">\n\t\t\t\t<div class=\"elementor-widget-container\">\n\t\t\t\t\t\t\t\t\t<p><\/p>\n<div class=\"wp-block-columns is-layout-flex wp-container-core-columns-is-layout-9d6595d7 wp-block-columns-is-layout-flex\">\n<p><\/p>\n<div class=\"wp-block-column is-layout-flow wp-block-column-is-layout-flow\" style=\"flex-basis: 100%;\">\n<p><\/p>\n<figure class=\"wp-block-image size-large\"><img fetchpriority=\"high\" decoding=\"async\" width=\"1024\" height=\"576\" class=\"wp-image-177\" src=\"https:\/\/www.gr-eclat01.fr\/wp-content\/uploads\/2024\/01\/1-1024x576.png\" alt=\"Diff\u00e9rentes engins e gymnastique rythmiques , des ballons , massues , cerceaux ruban et cordes\" srcset=\"https:\/\/www.gr-eclat01.fr\/wp-content\/uploads\/2024\/01\/1-1024x576.png 1024w, https:\/\/www.gr-eclat01.fr\/wp-content\/uploads\/2024\/01\/1-300x169.png 300w, https:\/\/www.gr-eclat01.fr\/wp-content\/uploads\/2024\/01\/1-768x432.png 768w, https:\/\/www.gr-eclat01.fr\/wp-content\/uploads\/2024\/01\/1-1536x864.png 1536w, https:\/\/www.gr-eclat01.fr\/wp-content\/uploads\/2024\/01\/1.png 1920w\" sizes=\"(max-width: 1024px) 100vw, 1024px\" \/>\n<p>\u00a0<\/p>\n<figcaption class=\"wp-element-caption\">les engins en gymnastique rythmique<\/figcaption>\n<\/figure>\n<p><\/p>\n<\/div>\n<p><\/p>\n<\/div>\n<p><\/p>\n<p><\/p>\n<h1 class=\"wp-block-heading\"><strong>La gymnastique rythmique enfants en loisirs <\/strong><\/h1>\n<p><\/p>\n<p><\/p>\n<p>La gymnastique rythmique enfants (GR) est une discipline sportive qui allie gr\u00e2ce, souplesse et \u00e9l\u00e9gance. Elle se pratique en musique, aussi bien sans que \u00e0 l&rsquo;aide d&rsquo;engins tels que le cerceau, le ballon, les massues, le ruban et la corde. Elle se pratique aussi bien en loisirs qu&rsquo;en comp\u00e9tition, seuls ou \u00e0 plusieurs.<\/p>\n<p><\/p>\n<p><\/p>\n<p><strong>En loisirs, la GR est accessible \u00e0 toutes et tous, quel que soit leur \u00e2ge ou leur niveau. <\/strong>Les cours sont dispens\u00e9s par des entra\u00eeneurs dipl\u00f4m\u00e9s d&rsquo;\u00c9tat qui sauront adapter les exercices aux capacit\u00e9s de chaque gymnaste. Tout au long de l&rsquo;ann\u00e9e , les gymnastes en herbes apprendrons des gestes sp\u00e9cifiques \u00e0 la gymnastique rythmique et les mettrons en musique. Divers chor\u00e9graphies seront pr\u00e9par\u00e9es pour les diff\u00e9rents \u00e9v\u00e8nements du club tels que le gala de N\u00f6el ou encore le gale de fin d&rsquo;ann\u00e9e.<\/p>\n<p><\/p>\n<p><\/p>\n<h2><strong>Les objectifs de la gymnastique rythmique enfants en loisirs sont multiples :<\/strong><\/h2>\n<p><\/p>\n<p><\/p>\n<ul class=\"wp-block-list\">\n<li style=\"list-style-type: none;\">\n<ul><\/ul>\n<\/li>\n<\/ul>\n<ul>\n<li style=\"list-style-type: none;\">\n<ul>\n<li>D\u00e9velopper la coordination,\u00a0la souplesse et l&rsquo;\u00e9quilibre<\/li>\n<\/ul>\n<\/li>\n<\/ul>\n<p><\/p>\n<p><\/p>\n<ul>\n<li style=\"list-style-type: none;\">\n<ul>\n<li>Am\u00e9liorer la condition physique<\/li>\n<\/ul>\n<\/li>\n<\/ul>\n<p><\/p>\n<p><\/p>\n<ul>\n<li style=\"list-style-type: none;\">\n<ul>\n<li>D\u00e9velopper la cr\u00e9ativit\u00e9 et l&rsquo;expression artistique<\/li>\n<\/ul>\n<\/li>\n<\/ul>\n<p><\/p>\n<p><\/p>\n<p><\/p>\n<p><strong>Les cours de Gymnastique Rythmique en loisirs se d\u00e9roulent sur une dur\u00e9e d&rsquo;une heure, une ou deux fois par semaine. <\/strong>Ils comprennent des exercices de gymnastique au sol, d&rsquo;acrobatie, d&rsquo;engins et de danse.<\/p>\n<p><\/p>\n<p><\/p>\n<p><strong>Les gymnastes de loisirs ont l&rsquo;occasion de participer \u00e0 des d\u00e9monstrations ou des spectacles. <\/strong>Ces \u00e9v\u00e9nements sont l&rsquo;occasion pour elles de pr\u00e9senter leurs progr\u00e8s et de partager leur passion avec le public.<\/p>\n<p><\/p>\n<p><\/p>\n<p><strong>Si vous souhaitez d\u00e9couvrir la gymnastique rythmique, n&rsquo;h\u00e9sitez pas \u00e0 contacter le club Eclat Rythmique Val de Sa\u00f4ne. <\/strong>Nous vous proposons un cours adapt\u00e9 \u00e0 votre \u00e2ge et \u00e0 votre niveau.<\/p>\n<p><\/p>\n<p><\/p>\n<p><strong>Voici quelques avantages de la pratique de la gymnastique rythmique en loisirs :<\/strong><\/p>\n<p><\/p>\n<p><\/p>\n<ul class=\"wp-block-list\">\n<li style=\"list-style-type: none;\">\n<ul><\/ul>\n<\/li>\n<\/ul>\n<ul>\n<li style=\"list-style-type: none;\">\n<ul>\n<li>C&rsquo;est une activit\u00e9 compl\u00e8te qui d\u00e9veloppe de nombreuses qualit\u00e9s physiques et artistiques.<\/li>\n<\/ul>\n<\/li>\n<\/ul>\n<p><\/p>\n<p><\/p>\n<ul>\n<li style=\"list-style-type: none;\">\n<ul>\n<li>C&rsquo;est un excellent moyen de se d\u00e9penser et de se d\u00e9fouler.<\/li>\n<\/ul>\n<\/li>\n<\/ul>\n<p><\/p>\n<p><\/p>\n<ul>\n<li style=\"list-style-type: none;\">\n<ul>\n<li>C&rsquo;est une activit\u00e9 conviviale qui permet de rencontrer d&rsquo;autres personnes.<\/li>\n<\/ul>\n<\/li>\n<\/ul>\n<p><\/p>\n<p><\/p>\n<p><\/p>\n<p><strong>Alors, qu&rsquo;attendez-vous pour vous lancer ?<\/strong><\/p>\n<p><\/p>\t\t\t\t\t\t\t\t<\/div>\n\t\t\t\t<\/div>\n\t\t\t\t\t<\/div>\n\t\t\t\t<\/div>\n\t\t<div class=\"elementor-element elementor-element-f4fe14f e-flex e-con-boxed wpr-particle-no wpr-jarallax-no wpr-parallax-no wpr-sticky-section-no e-con e-parent\" data-id=\"f4fe14f\" data-element_type=\"container\">\n\t\t\t\t\t<div class=\"e-con-inner\">\n\t\t<div class=\"elementor-element elementor-element-b905cbb e-con-full e-flex wpr-particle-no wpr-jarallax-no wpr-parallax-no wpr-sticky-section-no e-con e-child\" data-id=\"b905cbb\" data-element_type=\"container\">\n\t\t\t\t<div class=\"elementor-element elementor-element-72945df elementor-align-center elementor-widget elementor-widget-button\" data-id=\"72945df\" data-element_type=\"widget\" data-widget_type=\"button.default\">\n\t\t\t\t<div class=\"elementor-widget-container\">\n\t\t\t\t\t\t\t\t\t<div class=\"elementor-button-wrapper\">\n\t\t\t\t\t<a class=\"elementor-button elementor-button-link elementor-size-sm\" href=\"https:\/\/www.gr-eclat01.fr\/index.php\/inscriptions-gymnastique-rythmique\/\">\n\t\t\t\t\t\t<span class=\"elementor-button-content-wrapper\">\n\t\t\t\t\t\t\t\t\t<span class=\"elementor-button-text\">S'inscrire en Loisirs<\/span>\n\t\t\t\t\t<\/span>\n\t\t\t\t\t<\/a>\n\t\t\t\t<\/div>\n\t\t\t\t\t\t\t\t<\/div>\n\t\t\t\t<\/div>\n\t\t\t\t<\/div>\n\t\t<div class=\"elementor-element elementor-element-be2fcb4 e-con-full e-flex wpr-particle-no wpr-jarallax-no wpr-parallax-no wpr-sticky-section-no e-con e-child\" data-id=\"be2fcb4\" data-element_type=\"container\">\n\t\t\t\t<div class=\"elementor-element elementor-element-2765691 elementor-align-center elementor-widget elementor-widget-button\" data-id=\"2765691\" data-element_type=\"widget\" data-widget_type=\"button.default\">\n\t\t\t\t<div class=\"elementor-widget-container\">\n\t\t\t\t\t\t\t\t\t<div class=\"elementor-button-wrapper\">\n\t\t\t\t\t<a class=\"elementor-button elementor-button-link elementor-size-sm\" href=\"https:\/\/www.gr-eclat01.fr\/index.php\/gymnastique-rythmique-competitions\/\">\n\t\t\t\t\t\t<span class=\"elementor-button-content-wrapper\">\n\t\t\t\t\t\t\t\t\t<span class=\"elementor-button-text\">La gymnastique rythmique en comp\u00e9tition<\/span>\n\t\t\t\t\t<\/span>\n\t\t\t\t\t<\/a>\n\t\t\t\t<\/div>\n\t\t\t\t\t\t\t\t<\/div>\n\t\t\t\t<\/div>\n\t\t\t\t<\/div>\n\t\t\t\t\t<\/div>\n\t\t\t\t<\/div>\n\t\t<div class=\"elementor-element elementor-element-ec28c31 e-flex e-con-boxed wpr-particle-no wpr-jarallax-no wpr-parallax-no wpr-sticky-section-no e-con e-parent\" data-id=\"ec28c31\" data-element_type=\"container\">\n\t\t\t\t\t<div class=\"e-con-inner\">\n\t\t\t\t<div class=\"elementor-element elementor-element-ff8d51b elementor-shape-rounded elementor-grid-0 e-grid-align-center elementor-widget elementor-widget-social-icons\" data-id=\"ff8d51b\" data-element_type=\"widget\" data-widget_type=\"social-icons.default\">\n\t\t\t\t<div class=\"elementor-widget-container\">\n\t\t\t\t\t\t\t<div class=\"elementor-social-icons-wrapper elementor-grid\">\n\t\t\t\t\t\t\t<span class=\"elementor-grid-item\">\n\t\t\t\t\t<a class=\"elementor-icon elementor-social-icon elementor-social-icon-facebook elementor-repeater-item-6658c12\" href=\"https:\/\/www.facebook.com\/profile.php?id=61552722473698\" target=\"_blank\">\n\t\t\t\t\t\t<span class=\"elementor-screen-only\">Facebook<\/span>\n\t\t\t\t\t\t<svg class=\"e-font-icon-svg e-fab-facebook\" viewBox=\"0 0 512 512\" xmlns=\"http:\/\/www.w3.org\/2000\/svg\"><path d=\"M504 256C504 119 393 8 256 8S8 119 8 256c0 123.78 90.69 226.38 209.25 245V327.69h-63V256h63v-54.64c0-62.15 37-96.48 93.67-96.48 27.14 0 55.52 4.84 55.52 4.84v61h-31.28c-30.8 0-40.41 19.12-40.41 38.73V256h68.78l-11 71.69h-57.78V501C413.31 482.38 504 379.78 504 256z\"><\/path><\/svg>\t\t\t\t\t<\/a>\n\t\t\t\t<\/span>\n\t\t\t\t\t\t\t<span class=\"elementor-grid-item\">\n\t\t\t\t\t<a class=\"elementor-icon elementor-social-icon elementor-social-icon-instagram elementor-repeater-item-39a8d4c\" href=\"https:\/\/www.instagram.com\/eclatrythmique\/\" target=\"_blank\">\n\t\t\t\t\t\t<span class=\"elementor-screen-only\">Instagram<\/span>\n\t\t\t\t\t\t<svg class=\"e-font-icon-svg e-fab-instagram\" viewBox=\"0 0 448 512\" xmlns=\"http:\/\/www.w3.org\/2000\/svg\"><path d=\"M224.1 141c-63.6 0-114.9 51.3-114.9 114.9s51.3 114.9 114.9 114.9S339 319.5 339 255.9 287.7 141 224.1 141zm0 189.6c-41.1 0-74.7-33.5-74.7-74.7s33.5-74.7 74.7-74.7 74.7 33.5 74.7 74.7-33.6 74.7-74.7 74.7zm146.4-194.3c0 14.9-12 26.8-26.8 26.8-14.9 0-26.8-12-26.8-26.8s12-26.8 26.8-26.8 26.8 12 26.8 26.8zm76.1 27.2c-1.7-35.9-9.9-67.7-36.2-93.9-26.2-26.2-58-34.4-93.9-36.2-37-2.1-147.9-2.1-184.9 0-35.8 1.7-67.6 9.9-93.9 36.1s-34.4 58-36.2 93.9c-2.1 37-2.1 147.9 0 184.9 1.7 35.9 9.9 67.7 36.2 93.9s58 34.4 93.9 36.2c37 2.1 147.9 2.1 184.9 0 35.9-1.7 67.7-9.9 93.9-36.2 26.2-26.2 34.4-58 36.2-93.9 2.1-37 2.1-147.8 0-184.8zM398.8 388c-7.8 19.6-22.9 34.7-42.6 42.6-29.5 11.7-99.5 9-132.1 9s-102.7 2.6-132.1-9c-19.6-7.8-34.7-22.9-42.6-42.6-11.7-29.5-9-99.5-9-132.1s-2.6-102.7 9-132.1c7.8-19.6 22.9-34.7 42.6-42.6 29.5-11.7 99.5-9 132.1-9s102.7-2.6 132.1 9c19.6 7.8 34.7 22.9 42.6 42.6 11.7 29.5 9 99.5 9 132.1s2.7 102.7-9 132.1z\"><\/path><\/svg>\t\t\t\t\t<\/a>\n\t\t\t\t<\/span>\n\t\t\t\t\t<\/div>\n\t\t\t\t\t\t<\/div>\n\t\t\t\t<\/div>\n\t\t\t\t\t<\/div>\n\t\t\t\t<\/div>\n\t\t\t\t<\/div>\n\t\t","protected":false},"excerpt":{"rendered":"<p>La gymnastique rythmique enfants en loisirs La gymnastique rythmique enfants (GR) est une discipline sportive qui allie gr\u00e2ce, souplesse et \u00e9l\u00e9gance. Elle se pratique en musique, aussi bien sans que \u00e0 l&rsquo;aide d&rsquo;engins tels que le cerceau, le ballon, les massues, le ruban et la corde. Elle se pratique aussi bien en loisirs qu&rsquo;en comp\u00e9tition, seuls ou \u00e0 plusieurs. En loisirs, la GR est accessible \u00e0 toutes et tous, quel que soit leur \u00e2ge ou leur niveau. Les cours sont dispens\u00e9s par des entra\u00eeneurs dipl\u00f4m\u00e9s d&rsquo;\u00c9tat qui sauront adapter les exercices aux capacit\u00e9s de chaque gymnaste. Tout au long de l&rsquo;ann\u00e9e , les gymnastes en herbes apprendrons des gestes sp\u00e9cifiques \u00e0 la gymnastique rythmique et les mettrons en musique. Divers chor\u00e9graphies seront pr\u00e9par\u00e9es pour les diff\u00e9rents \u00e9v\u00e8nements du club tels que le gala de N\u00f6el ou encore le gale de fin d&rsquo;ann\u00e9e. Les objectifs de la gymnastique rythmique enfants en loisirs sont multiples : Les cours de Gymnastique Rythmique en loisirs se d\u00e9roulent sur une dur\u00e9e d&rsquo;une heure, une ou deux fois par semaine. Ils comprennent des exercices de gymnastique au sol, d&rsquo;acrobatie, d&rsquo;engins et de danse. Les gymnastes de loisirs ont l&rsquo;occasion de participer \u00e0 des d\u00e9monstrations ou des spectacles. Ces \u00e9v\u00e9nements sont l&rsquo;occasion pour elles de pr\u00e9senter leurs progr\u00e8s et de partager leur passion avec le public. Si vous souhaitez d\u00e9couvrir la gymnastique rythmique, n&rsquo;h\u00e9sitez pas \u00e0 contacter le club Eclat Rythmique Val de Sa\u00f4ne. Nous vous proposons un cours adapt\u00e9 \u00e0 votre \u00e2ge et \u00e0 votre niveau. Voici quelques avantages de la pratique de la gymnastique rythmique en loisirs : Alors, qu&rsquo;attendez-vous pour vous lancer ? S&rsquo;inscrire en Loisirs La gymnastique rythmique en comp\u00e9tition Facebook Instagram<\/p>\n","protected":false},"author":1,"featured_media":178,"parent":0,"menu_order":0,"comment_status":"closed","ping_status":"closed","template":"","meta":{"footnotes":""},"class_list":["post-95","page","type-page","status-publish","has-post-thumbnail","hentry","entry","has-media"],"yoast_head":"<!-- This site is optimized with the Yoast SEO plugin v27.3 - https:\/\/yoast.com\/product\/yoast-seo-wordpress\/ -->\n<title>Gymnastique Rythmique enfants - Eclat Rythmique Val de Sa\u00f4ne<\/title>\n<meta name=\"description\" content=\"Venez d\u00e9couvrir la gymnastique rythmique pour les enfants . M\u00e9lange de danse, gymnastique et cirque, chaque s\u00e9ance sera \u00e9panouissante.\" \/>\n<meta name=\"robots\" content=\"index, follow, max-snippet:-1, max-image-preview:large, max-video-preview:-1\" \/>\n<link rel=\"canonical\" href=\"https:\/\/www.gr-eclat01.fr\/index.php\/gymnastique-rythmique-loisirs-enfants\/\" \/>\n<meta property=\"og:locale\" content=\"fr_FR\" \/>\n<meta property=\"og:type\" content=\"article\" \/>\n<meta property=\"og:title\" content=\"Gymnastique Rythmique enfants - Eclat Rythmique Val de Sa\u00f4ne\" \/>\n<meta property=\"og:description\" content=\"Venez d\u00e9couvrir la gymnastique rythmique pour les enfants . M\u00e9lange de danse, gymnastique et cirque, chaque s\u00e9ance sera \u00e9panouissante.\" \/>\n<meta property=\"og:url\" content=\"https:\/\/www.gr-eclat01.fr\/index.php\/gymnastique-rythmique-loisirs-enfants\/\" \/>\n<meta property=\"og:site_name\" content=\"Eclat Rythmique Val de Sa\u00f4ne\" \/>\n<meta property=\"article:modified_time\" content=\"2024-04-30T14:17:00+00:00\" \/>\n<meta property=\"og:image\" content=\"https:\/\/www.gr-eclat01.fr\/wp-content\/uploads\/2024\/01\/4-1024x576.png\" \/>\n\t<meta property=\"og:image:width\" content=\"1024\" \/>\n\t<meta property=\"og:image:height\" content=\"576\" \/>\n\t<meta property=\"og:image:type\" content=\"image\/png\" \/>\n<meta name=\"twitter:card\" content=\"summary_large_image\" \/>\n<meta name=\"twitter:label1\" content=\"Dur\u00e9e de lecture estim\u00e9e\" \/>\n\t<meta name=\"twitter:data1\" content=\"3 minutes\" \/>\n<script type=\"application\/ld+json\" class=\"yoast-schema-graph\">{\"@context\":\"https:\\\/\\\/schema.org\",\"@graph\":[{\"@type\":\"WebPage\",\"@id\":\"https:\\\/\\\/www.gr-eclat01.fr\\\/index.php\\\/gymnastique-rythmique-loisirs-enfants\\\/\",\"url\":\"https:\\\/\\\/www.gr-eclat01.fr\\\/index.php\\\/gymnastique-rythmique-loisirs-enfants\\\/\",\"name\":\"Gymnastique Rythmique enfants - Eclat Rythmique Val de Sa\u00f4ne\",\"isPartOf\":{\"@id\":\"https:\\\/\\\/www.gr-eclat01.fr\\\/#website\"},\"primaryImageOfPage\":{\"@id\":\"https:\\\/\\\/www.gr-eclat01.fr\\\/index.php\\\/gymnastique-rythmique-loisirs-enfants\\\/#primaryimage\"},\"image\":{\"@id\":\"https:\\\/\\\/www.gr-eclat01.fr\\\/index.php\\\/gymnastique-rythmique-loisirs-enfants\\\/#primaryimage\"},\"thumbnailUrl\":\"https:\\\/\\\/www.gr-eclat01.fr\\\/wp-content\\\/uploads\\\/2024\\\/01\\\/4.png\",\"datePublished\":\"2024-01-12T11:41:35+00:00\",\"dateModified\":\"2024-04-30T14:17:00+00:00\",\"description\":\"Venez d\u00e9couvrir la gymnastique rythmique pour les enfants . M\u00e9lange de danse, gymnastique et cirque, chaque s\u00e9ance sera \u00e9panouissante.\",\"breadcrumb\":{\"@id\":\"https:\\\/\\\/www.gr-eclat01.fr\\\/index.php\\\/gymnastique-rythmique-loisirs-enfants\\\/#breadcrumb\"},\"inLanguage\":\"fr-FR\",\"potentialAction\":[{\"@type\":\"ReadAction\",\"target\":[\"https:\\\/\\\/www.gr-eclat01.fr\\\/index.php\\\/gymnastique-rythmique-loisirs-enfants\\\/\"]}]},{\"@type\":\"ImageObject\",\"inLanguage\":\"fr-FR\",\"@id\":\"https:\\\/\\\/www.gr-eclat01.fr\\\/index.php\\\/gymnastique-rythmique-loisirs-enfants\\\/#primaryimage\",\"url\":\"https:\\\/\\\/www.gr-eclat01.fr\\\/wp-content\\\/uploads\\\/2024\\\/01\\\/4.png\",\"contentUrl\":\"https:\\\/\\\/www.gr-eclat01.fr\\\/wp-content\\\/uploads\\\/2024\\\/01\\\/4.png\",\"width\":1920,\"height\":1080,\"caption\":\"gymnastes rythmique avec des rubans color\u00e9s\"},{\"@type\":\"BreadcrumbList\",\"@id\":\"https:\\\/\\\/www.gr-eclat01.fr\\\/index.php\\\/gymnastique-rythmique-loisirs-enfants\\\/#breadcrumb\",\"itemListElement\":[{\"@type\":\"ListItem\",\"position\":1,\"name\":\"Accueil\",\"item\":\"https:\\\/\\\/www.gr-eclat01.fr\\\/\"},{\"@type\":\"ListItem\",\"position\":2,\"name\":\"GR Loisirs\"}]},{\"@type\":\"WebSite\",\"@id\":\"https:\\\/\\\/www.gr-eclat01.fr\\\/#website\",\"url\":\"https:\\\/\\\/www.gr-eclat01.fr\\\/\",\"name\":\"Eclat Rythmique Val de Sa\u00f4ne\",\"description\":\"Eclat Rythmique Val de Sa\u00f4ne\",\"publisher\":{\"@id\":\"https:\\\/\\\/www.gr-eclat01.fr\\\/#organization\"},\"potentialAction\":[{\"@type\":\"SearchAction\",\"target\":{\"@type\":\"EntryPoint\",\"urlTemplate\":\"https:\\\/\\\/www.gr-eclat01.fr\\\/?s={search_term_string}\"},\"query-input\":{\"@type\":\"PropertyValueSpecification\",\"valueRequired\":true,\"valueName\":\"search_term_string\"}}],\"inLanguage\":\"fr-FR\"},{\"@type\":\"Organization\",\"@id\":\"https:\\\/\\\/www.gr-eclat01.fr\\\/#organization\",\"name\":\"Eclat Rythmique Val de Sa\u00f4ne\",\"url\":\"https:\\\/\\\/www.gr-eclat01.fr\\\/\",\"logo\":{\"@type\":\"ImageObject\",\"inLanguage\":\"fr-FR\",\"@id\":\"https:\\\/\\\/www.gr-eclat01.fr\\\/#\\\/schema\\\/logo\\\/image\\\/\",\"url\":\"https:\\\/\\\/www.gr-eclat01.fr\\\/wp-content\\\/uploads\\\/2024\\\/08\\\/cropped-LOGO-VF-23-08-2024-1.png\",\"contentUrl\":\"https:\\\/\\\/www.gr-eclat01.fr\\\/wp-content\\\/uploads\\\/2024\\\/08\\\/cropped-LOGO-VF-23-08-2024-1.png\",\"width\":355,\"height\":161,\"caption\":\"Eclat Rythmique Val de Sa\u00f4ne\"},\"image\":{\"@id\":\"https:\\\/\\\/www.gr-eclat01.fr\\\/#\\\/schema\\\/logo\\\/image\\\/\"}}]}<\/script>\n<!-- \/ Yoast SEO plugin. -->","yoast_head_json":{"title":"Gymnastique Rythmique enfants - Eclat Rythmique Val de Sa\u00f4ne","description":"Venez d\u00e9couvrir la gymnastique rythmique pour les enfants . M\u00e9lange de danse, gymnastique et cirque, chaque s\u00e9ance sera \u00e9panouissante.","robots":{"index":"index","follow":"follow","max-snippet":"max-snippet:-1","max-image-preview":"max-image-preview:large","max-video-preview":"max-video-preview:-1"},"canonical":"https:\/\/www.gr-eclat01.fr\/index.php\/gymnastique-rythmique-loisirs-enfants\/","og_locale":"fr_FR","og_type":"article","og_title":"Gymnastique Rythmique enfants - Eclat Rythmique Val de Sa\u00f4ne","og_description":"Venez d\u00e9couvrir la gymnastique rythmique pour les enfants . M\u00e9lange de danse, gymnastique et cirque, chaque s\u00e9ance sera \u00e9panouissante.","og_url":"https:\/\/www.gr-eclat01.fr\/index.php\/gymnastique-rythmique-loisirs-enfants\/","og_site_name":"Eclat Rythmique Val de Sa\u00f4ne","article_modified_time":"2024-04-30T14:17:00+00:00","og_image":[{"width":1024,"height":576,"url":"https:\/\/www.gr-eclat01.fr\/wp-content\/uploads\/2024\/01\/4-1024x576.png","type":"image\/png"}],"twitter_card":"summary_large_image","twitter_misc":{"Dur\u00e9e de lecture estim\u00e9e":"3 minutes"},"schema":{"@context":"https:\/\/schema.org","@graph":[{"@type":"WebPage","@id":"https:\/\/www.gr-eclat01.fr\/index.php\/gymnastique-rythmique-loisirs-enfants\/","url":"https:\/\/www.gr-eclat01.fr\/index.php\/gymnastique-rythmique-loisirs-enfants\/","name":"Gymnastique Rythmique enfants - Eclat Rythmique Val de Sa\u00f4ne","isPartOf":{"@id":"https:\/\/www.gr-eclat01.fr\/#website"},"primaryImageOfPage":{"@id":"https:\/\/www.gr-eclat01.fr\/index.php\/gymnastique-rythmique-loisirs-enfants\/#primaryimage"},"image":{"@id":"https:\/\/www.gr-eclat01.fr\/index.php\/gymnastique-rythmique-loisirs-enfants\/#primaryimage"},"thumbnailUrl":"https:\/\/www.gr-eclat01.fr\/wp-content\/uploads\/2024\/01\/4.png","datePublished":"2024-01-12T11:41:35+00:00","dateModified":"2024-04-30T14:17:00+00:00","description":"Venez d\u00e9couvrir la gymnastique rythmique pour les enfants . M\u00e9lange de danse, gymnastique et cirque, chaque s\u00e9ance sera \u00e9panouissante.","breadcrumb":{"@id":"https:\/\/www.gr-eclat01.fr\/index.php\/gymnastique-rythmique-loisirs-enfants\/#breadcrumb"},"inLanguage":"fr-FR","potentialAction":[{"@type":"ReadAction","target":["https:\/\/www.gr-eclat01.fr\/index.php\/gymnastique-rythmique-loisirs-enfants\/"]}]},{"@type":"ImageObject","inLanguage":"fr-FR","@id":"https:\/\/www.gr-eclat01.fr\/index.php\/gymnastique-rythmique-loisirs-enfants\/#primaryimage","url":"https:\/\/www.gr-eclat01.fr\/wp-content\/uploads\/2024\/01\/4.png","contentUrl":"https:\/\/www.gr-eclat01.fr\/wp-content\/uploads\/2024\/01\/4.png","width":1920,"height":1080,"caption":"gymnastes rythmique avec des rubans color\u00e9s"},{"@type":"BreadcrumbList","@id":"https:\/\/www.gr-eclat01.fr\/index.php\/gymnastique-rythmique-loisirs-enfants\/#breadcrumb","itemListElement":[{"@type":"ListItem","position":1,"name":"Accueil","item":"https:\/\/www.gr-eclat01.fr\/"},{"@type":"ListItem","position":2,"name":"GR Loisirs"}]},{"@type":"WebSite","@id":"https:\/\/www.gr-eclat01.fr\/#website","url":"https:\/\/www.gr-eclat01.fr\/","name":"Eclat Rythmique Val de Sa\u00f4ne","description":"Eclat Rythmique Val de Sa\u00f4ne","publisher":{"@id":"https:\/\/www.gr-eclat01.fr\/#organization"},"potentialAction":[{"@type":"SearchAction","target":{"@type":"EntryPoint","urlTemplate":"https:\/\/www.gr-eclat01.fr\/?s={search_term_string}"},"query-input":{"@type":"PropertyValueSpecification","valueRequired":true,"valueName":"search_term_string"}}],"inLanguage":"fr-FR"},{"@type":"Organization","@id":"https:\/\/www.gr-eclat01.fr\/#organization","name":"Eclat Rythmique Val de Sa\u00f4ne","url":"https:\/\/www.gr-eclat01.fr\/","logo":{"@type":"ImageObject","inLanguage":"fr-FR","@id":"https:\/\/www.gr-eclat01.fr\/#\/schema\/logo\/image\/","url":"https:\/\/www.gr-eclat01.fr\/wp-content\/uploads\/2024\/08\/cropped-LOGO-VF-23-08-2024-1.png","contentUrl":"https:\/\/www.gr-eclat01.fr\/wp-content\/uploads\/2024\/08\/cropped-LOGO-VF-23-08-2024-1.png","width":355,"height":161,"caption":"Eclat Rythmique Val de Sa\u00f4ne"},"image":{"@id":"https:\/\/www.gr-eclat01.fr\/#\/schema\/logo\/image\/"}}]}},"jetpack_sharing_enabled":true,"_links":{"self":[{"href":"https:\/\/www.gr-eclat01.fr\/index.php\/wp-json\/wp\/v2\/pages\/95","targetHints":{"allow":["GET"]}}],"collection":[{"href":"https:\/\/www.gr-eclat01.fr\/index.php\/wp-json\/wp\/v2\/pages"}],"about":[{"href":"https:\/\/www.gr-eclat01.fr\/index.php\/wp-json\/wp\/v2\/types\/page"}],"author":[{"embeddable":true,"href":"https:\/\/www.gr-eclat01.fr\/index.php\/wp-json\/wp\/v2\/users\/1"}],"replies":[{"embeddable":true,"href":"https:\/\/www.gr-eclat01.fr\/index.php\/wp-json\/wp\/v2\/comments?post=95"}],"version-history":[{"count":31,"href":"https:\/\/www.gr-eclat01.fr\/index.php\/wp-json\/wp\/v2\/pages\/95\/revisions"}],"predecessor-version":[{"id":723,"href":"https:\/\/www.gr-eclat01.fr\/index.php\/wp-json\/wp\/v2\/pages\/95\/revisions\/723"}],"wp:featuredmedia":[{"embeddable":true,"href":"https:\/\/www.gr-eclat01.fr\/index.php\/wp-json\/wp\/v2\/media\/178"}],"wp:attachment":[{"href":"https:\/\/www.gr-eclat01.fr\/index.php\/wp-json\/wp\/v2\/media?parent=95"}],"curies":[{"name":"wp","href":"https:\/\/api.w.org\/{rel}","templated":true}]}}